{"id":587,"date":"2021-02-15T07:41:14","date_gmt":"2021-02-15T07:41:14","guid":{"rendered":"http:\/\/mesperpollenca.cat\/index.php\/books\/"},"modified":"2023-05-02T09:03:39","modified_gmt":"2023-05-02T09:03:39","slug":"eixos","status":"publish","type":"page","link":"https:\/\/mesperpollenca.cat\/index.php\/eixos\/","title":{"rendered":"Eixos"},"content":{"rendered":"\t\t<div data-elementor-type=\"wp-page\" data-elementor-id=\"587\" class=\"elementor elementor-587\">\n\t\t\t\t\t\t<section class=\"elementor-section elementor-top-section elementor-element elementor-element-955752d elementor-section-boxed elementor-section-height-default elementor-section-height-default\" data-id=\"955752d\" data-element_type=\"section\" data-settings=\"{&quot;background_background&quot;:&quot;classic&quot;}\">\n\t\t\t\t\t\t<div class=\"elementor-container elementor-column-gap-no\">\n\t\t\t\t\t<div class=\"elementor-column elementor-col-100 elementor-top-column elementor-element elementor-element-bba2ea3\" data-id=\"bba2ea3\" data-element_type=\"column\">\n\t\t\t<div class=\"elementor-widget-wrap elementor-element-populated\">\n\t\t\t\t\t\t<div class=\"elementor-element elementor-element-f68ebbf elementor-widget elementor-widget-image\" data-id=\"f68ebbf\" data-element_type=\"widget\" data-widget_type=\"image.default\">\n\t\t\t\t<div class=\"elementor-widget-container\">\n\t\t\t\t\t\t\t\t\t\t\t\t\t\t\t<img decoding=\"async\" width=\"300\" height=\"100\" src=\"https:\/\/mesperpollenca.cat\/wp-content\/uploads\/2023\/04\/cropped-Logo_mesqueparaules_180x60_negre_Mesa-de-trabajo-1-1-300x100.png\" class=\"attachment-medium size-medium wp-image-1094\" alt=\"Logotip M\u00c9S QUE PARAULES\" srcset=\"https:\/\/mesperpollenca.cat\/wp-content\/uploads\/2023\/04\/cropped-Logo_mesqueparaules_180x60_negre_Mesa-de-trabajo-1-1-300x100.png 300w, https:\/\/mesperpollenca.cat\/wp-content\/uploads\/2023\/04\/cropped-Logo_mesqueparaules_180x60_negre_Mesa-de-trabajo-1-1-172x57.png 172w, https:\/\/mesperpollenca.cat\/wp-content\/uploads\/2023\/04\/cropped-Logo_mesqueparaules_180x60_negre_Mesa-de-trabajo-1-1.png 750w\" sizes=\"(max-width: 300px) 100vw, 300px\" \/>\t\t\t\t\t\t\t\t\t\t\t\t\t\t\t<\/div>\n\t\t\t\t<\/div>\n\t\t\t\t<div class=\"elementor-element elementor-element-979ffbb elementor-widget elementor-widget-heading\" data-id=\"979ffbb\" data-element_type=\"widget\" data-widget_type=\"heading.default\">\n\t\t\t\t<div class=\"elementor-widget-container\">\n\t\t\t\t\t<h2 class=\"elementor-heading-title elementor-size-default\">Milloram el dia a dia de les persones del municipi de Pollen\u00e7a<\/h2>\t\t\t\t<\/div>\n\t\t\t\t<\/div>\n\t\t\t\t\t<\/div>\n\t\t<\/div>\n\t\t\t\t\t<\/div>\n\t\t<\/section>\n\t\t\t\t<section class=\"elementor-section elementor-top-section elementor-element elementor-element-e43890b elementor-section-boxed elementor-section-height-default elementor-section-height-default elementor-invisible\" data-id=\"e43890b\" data-element_type=\"section\" data-settings=\"{&quot;animation&quot;:&quot;fadeIn&quot;}\">\n\t\t\t\t\t\t<div class=\"elementor-container elementor-column-gap-no\">\n\t\t\t\t\t<div class=\"elementor-column elementor-col-50 elementor-top-column elementor-element elementor-element-a37b62e\" data-id=\"a37b62e\" data-element_type=\"column\">\n\t\t\t<div class=\"elementor-widget-wrap elementor-element-populated\">\n\t\t\t\t\t\t<div class=\"elementor-element elementor-element-9f567f7 elementor-widget elementor-widget-heading\" data-id=\"9f567f7\" data-element_type=\"widget\" data-widget_type=\"heading.default\">\n\t\t\t\t<div class=\"elementor-widget-container\">\n\t\t\t\t\t<h3 class=\"elementor-heading-title elementor-size-default\">Salut<\/h3>\t\t\t\t<\/div>\n\t\t\t\t<\/div>\n\t\t\t\t<div class=\"elementor-element elementor-element-5b05ca8 elementor-widget elementor-widget-text-editor\" data-id=\"5b05ca8\" data-element_type=\"widget\" data-widget_type=\"text-editor.default\">\n\t\t\t\t<div class=\"elementor-widget-container\">\n\t\t\t\t\t\t\t\t\t<p><b>El nou PAC de Pollen\u00e7a i la Unitat B\u00e0sica de Salut del Moll seran una realitat.<br><\/b><b style=\"font-style: inherit; background-color: var(--ast-global-color-4); color: var(--ast-global-color-3);\">Fome<\/b><span style=\"font-style: inherit; font-weight: inherit; background-color: var(--ast-global-color-4); color: var(--ast-global-color-3);\">ntarem el benefici de la salut mental i sexe afectiva.<\/span><\/p>\t\t\t\t\t\t\t\t<\/div>\n\t\t\t\t<\/div>\n\t\t\t\t\t<\/div>\n\t\t<\/div>\n\t\t\t\t<div class=\"elementor-column elementor-col-50 elementor-top-column elementor-element elementor-element-fa7b200\" data-id=\"fa7b200\" data-element_type=\"column\">\n\t\t\t<div class=\"elementor-widget-wrap elementor-element-populated\">\n\t\t\t\t\t\t<div class=\"elementor-element elementor-element-9cb8d10 elementor-widget elementor-widget-heading\" data-id=\"9cb8d10\" data-element_type=\"widget\" data-widget_type=\"heading.default\">\n\t\t\t\t<div class=\"elementor-widget-container\">\n\t\t\t\t\t<h3 class=\"elementor-heading-title elementor-size-default\">Medi Ambient<\/h3>\t\t\t\t<\/div>\n\t\t\t\t<\/div>\n\t\t\t\t<div class=\"elementor-element elementor-element-d30ce7c elementor-widget elementor-widget-text-editor\" data-id=\"d30ce7c\" data-element_type=\"widget\" data-widget_type=\"text-editor.default\">\n\t\t\t\t<div class=\"elementor-widget-container\">\n\t\t\t\t\t\t\t\t\t<p>La Badia requereix recuperar la qualitat. Impulsarem un \u00fas racional de l\u2019aigua i la sembra d\u2019arbres per a un poble verd.<\/p>\t\t\t\t\t\t\t\t<\/div>\n\t\t\t\t<\/div>\n\t\t\t\t\t<\/div>\n\t\t<\/div>\n\t\t\t\t\t<\/div>\n\t\t<\/section>\n\t\t\t\t<section class=\"elementor-section elementor-top-section elementor-element elementor-element-ed812ec elementor-section-boxed elementor-section-height-default elementor-section-height-default elementor-invisible\" data-id=\"ed812ec\" data-element_type=\"section\" data-settings=\"{&quot;animation&quot;:&quot;fadeIn&quot;}\">\n\t\t\t\t\t\t<div class=\"elementor-container elementor-column-gap-no\">\n\t\t\t\t\t<div class=\"elementor-column elementor-col-50 elementor-top-column elementor-element elementor-element-8fac7b4\" data-id=\"8fac7b4\" data-element_type=\"column\">\n\t\t\t<div class=\"elementor-widget-wrap elementor-element-populated\">\n\t\t\t\t\t\t<div class=\"elementor-element elementor-element-392eb6b elementor-widget elementor-widget-heading\" data-id=\"392eb6b\" data-element_type=\"widget\" data-widget_type=\"heading.default\">\n\t\t\t\t<div class=\"elementor-widget-container\">\n\t\t\t\t\t<h3 class=\"elementor-heading-title elementor-size-default\">Espais p\u00fablics<\/h3>\t\t\t\t<\/div>\n\t\t\t\t<\/div>\n\t\t\t\t<div class=\"elementor-element elementor-element-4827e3f elementor-widget elementor-widget-text-editor\" data-id=\"4827e3f\" data-element_type=\"widget\" data-widget_type=\"text-editor.default\">\n\t\t\t\t<div class=\"elementor-widget-container\">\n\t\t\t\t\t\t\t\t\t<p>Un municipi net ser\u00e0 la nostra prioritat. Intensificarem el manteniment de voravies, places i parcs infantils.\u00a0<\/p>\t\t\t\t\t\t\t\t<\/div>\n\t\t\t\t<\/div>\n\t\t\t\t\t<\/div>\n\t\t<\/div>\n\t\t\t\t<div class=\"elementor-column elementor-col-50 elementor-top-column elementor-element elementor-element-bb27819\" data-id=\"bb27819\" data-element_type=\"column\">\n\t\t\t<div class=\"elementor-widget-wrap elementor-element-populated\">\n\t\t\t\t\t\t<div class=\"elementor-element elementor-element-745dc30 elementor-widget elementor-widget-heading\" data-id=\"745dc30\" data-element_type=\"widget\" data-widget_type=\"heading.default\">\n\t\t\t\t<div class=\"elementor-widget-container\">\n\t\t\t\t\t<h3 class=\"elementor-heading-title elementor-size-default\">Educaci\u00f3 i cultura<\/h3>\t\t\t\t<\/div>\n\t\t\t\t<\/div>\n\t\t\t\t<div class=\"elementor-element elementor-element-7ef3676 elementor-widget elementor-widget-text-editor\" data-id=\"7ef3676\" data-element_type=\"widget\" data-widget_type=\"text-editor.default\">\n\t\t\t\t<div class=\"elementor-widget-container\">\n\t\t\t\t\t\t\t\t\t<p>Gratu\u00eftat 0-3 anys i escoleta a Pollen\u00e7a per facilitar la conciliaci\u00f3.<br><span style=\"font-style: inherit; font-weight: inherit; background-color: var(--ast-global-color-4); color: var(--ast-global-color-3);\">Oferirem el servei de biblioteca per a l\u2019estudi 24h. Enfortirem el teixit associatiu, la interculturalitat i la igualtat de g\u00e8nere.<\/span><\/p>\t\t\t\t\t\t\t\t<\/div>\n\t\t\t\t<\/div>\n\t\t\t\t\t<\/div>\n\t\t<\/div>\n\t\t\t\t\t<\/div>\n\t\t<\/section>\n\t\t\t\t<section class=\"elementor-section elementor-top-section elementor-element elementor-element-4963e07 elementor-section-boxed elementor-section-height-default elementor-section-height-default elementor-invisible\" data-id=\"4963e07\" data-element_type=\"section\" data-settings=\"{&quot;animation&quot;:&quot;fadeIn&quot;}\">\n\t\t\t\t\t\t<div class=\"elementor-container elementor-column-gap-no\">\n\t\t\t\t\t<div class=\"elementor-column elementor-col-50 elementor-top-column elementor-element elementor-element-525c122\" data-id=\"525c122\" data-element_type=\"column\">\n\t\t\t<div class=\"elementor-widget-wrap elementor-element-populated\">\n\t\t\t\t\t\t<div class=\"elementor-element elementor-element-dee6e78 elementor-widget elementor-widget-heading\" data-id=\"dee6e78\" data-element_type=\"widget\" data-widget_type=\"heading.default\">\n\t\t\t\t<div class=\"elementor-widget-container\">\n\t\t\t\t\t<h3 class=\"elementor-heading-title elementor-size-default\">Habitatge i urbanisme<\/h3>\t\t\t\t<\/div>\n\t\t\t\t<\/div>\n\t\t\t\t<div class=\"elementor-element elementor-element-a131ca5 elementor-widget elementor-widget-text-editor\" data-id=\"a131ca5\" data-element_type=\"widget\" data-widget_type=\"text-editor.default\">\n\t\t\t\t<div class=\"elementor-widget-container\">\n\t\t\t\t\t\t\t\t\t<p>La gent ha de poder viure al seu poble.<br \/>Potenciarem la construcci\u00f3 d\u2019habitatge p\u00fablic, mesures de bonificaci\u00f3 de l\u2019IBI en favor del lloguer d\u2019habitatge habitual.<br \/>Agilitzarem els tr\u00e0mits urban\u00edstics i millorarem els senyals del municipi.<\/p>\t\t\t\t\t\t\t\t<\/div>\n\t\t\t\t<\/div>\n\t\t\t\t\t<\/div>\n\t\t<\/div>\n\t\t\t\t<div class=\"elementor-column elementor-col-50 elementor-top-column elementor-element elementor-element-5be00e4\" data-id=\"5be00e4\" data-element_type=\"column\">\n\t\t\t<div class=\"elementor-widget-wrap elementor-element-populated\">\n\t\t\t\t\t\t<div class=\"elementor-element elementor-element-e632c63 elementor-widget elementor-widget-heading\" data-id=\"e632c63\" data-element_type=\"widget\" data-widget_type=\"heading.default\">\n\t\t\t\t<div class=\"elementor-widget-container\">\n\t\t\t\t\t<h3 class=\"elementor-heading-title elementor-size-default\">Comer\u00e7 i turisme<\/h3>\t\t\t\t<\/div>\n\t\t\t\t<\/div>\n\t\t\t\t<div class=\"elementor-element elementor-element-24d7053 elementor-widget elementor-widget-text-editor\" data-id=\"24d7053\" data-element_type=\"widget\" data-widget_type=\"text-editor.default\">\n\t\t\t\t<div class=\"elementor-widget-container\">\n\t\t\t\t\t\t\t\t\t<p>Volem un municipi viu tot l\u2019any. Afavorirem l\u2018obertura els mesos d\u2019hivern i promourem la reducci\u00f3 de consum d\u2019energia, residus i aigua en empreses tur\u00edstiques.<\/p>\t\t\t\t\t\t\t\t<\/div>\n\t\t\t\t<\/div>\n\t\t\t\t\t<\/div>\n\t\t<\/div>\n\t\t\t\t\t<\/div>\n\t\t<\/section>\n\t\t\t\t<section class=\"elementor-section elementor-top-section elementor-element elementor-element-d68aa27 elementor-section-boxed elementor-section-height-default elementor-section-height-default elementor-invisible\" data-id=\"d68aa27\" data-element_type=\"section\" data-settings=\"{&quot;animation&quot;:&quot;fadeIn&quot;}\">\n\t\t\t\t\t\t<div class=\"elementor-container elementor-column-gap-no\">\n\t\t\t\t\t<div class=\"elementor-column elementor-col-50 elementor-top-column elementor-element elementor-element-99131d0\" data-id=\"99131d0\" data-element_type=\"column\">\n\t\t\t<div class=\"elementor-widget-wrap elementor-element-populated\">\n\t\t\t\t\t\t<div class=\"elementor-element elementor-element-7ad33e6 elementor-widget elementor-widget-heading\" data-id=\"7ad33e6\" data-element_type=\"widget\" data-widget_type=\"heading.default\">\n\t\t\t\t<div class=\"elementor-widget-container\">\n\t\t\t\t\t<h3 class=\"elementor-heading-title elementor-size-default\">Infraestructures i serveis<\/h3>\t\t\t\t<\/div>\n\t\t\t\t<\/div>\n\t\t\t\t<div class=\"elementor-element elementor-element-5d10b77 elementor-widget elementor-widget-text-editor\" data-id=\"5d10b77\" data-element_type=\"widget\" data-widget_type=\"text-editor.default\">\n\t\t\t\t<div class=\"elementor-widget-container\">\n\t\t\t\t\t\t\t\t\t<p>La rehabilitaci\u00f3 d\u2019edificis p\u00fablics \u00e9s una necessitat. Definirem els usos per cobrir les demandes administratives, culturals i socials del municipi. Facilitarem l\u2019acc\u00e9s de la ciutadania a la seu electr\u00f2nica i l\u2019atenci\u00f3 al ciutad\u00e0.<\/p>\t\t\t\t\t\t\t\t<\/div>\n\t\t\t\t<\/div>\n\t\t\t\t\t<\/div>\n\t\t<\/div>\n\t\t\t\t<div class=\"elementor-column elementor-col-50 elementor-top-column elementor-element elementor-element-9ef1777\" data-id=\"9ef1777\" data-element_type=\"column\">\n\t\t\t<div class=\"elementor-widget-wrap elementor-element-populated\">\n\t\t\t\t\t\t<div class=\"elementor-element elementor-element-702c716 elementor-widget elementor-widget-heading\" data-id=\"702c716\" data-element_type=\"widget\" data-widget_type=\"heading.default\">\n\t\t\t\t<div class=\"elementor-widget-container\">\n\t\t\t\t\t<h3 class=\"elementor-heading-title elementor-size-default\">Patrimoni hist\u00f2ric<\/h3>\t\t\t\t<\/div>\n\t\t\t\t<\/div>\n\t\t\t\t<div class=\"elementor-element elementor-element-34cd1bb elementor-widget elementor-widget-text-editor\" data-id=\"34cd1bb\" data-element_type=\"widget\" data-widget_type=\"text-editor.default\">\n\t\t\t\t<div class=\"elementor-widget-container\">\n\t\t\t\t\t\t\t\t\t<p>La bellesa del nostre poble s\u2019ha de preservar. Aprovarem el Cat\u00e0leg de Patrimoni per a frenar la p\u00e8rdua d\u2019encant i executarem un pla de senyalitzaci\u00f3 de rutes hist\u00f2riques.<\/p>\t\t\t\t\t\t\t\t<\/div>\n\t\t\t\t<\/div>\n\t\t\t\t\t<\/div>\n\t\t<\/div>\n\t\t\t\t\t<\/div>\n\t\t<\/section>\n\t\t\t\t<section class=\"elementor-section elementor-top-section elementor-element elementor-element-c9244d4 elementor-section-boxed elementor-section-height-default elementor-section-height-default elementor-invisible\" data-id=\"c9244d4\" data-element_type=\"section\" data-settings=\"{&quot;animation&quot;:&quot;fadeIn&quot;}\">\n\t\t\t\t\t\t<div class=\"elementor-container elementor-column-gap-no\">\n\t\t\t\t\t<div class=\"elementor-column elementor-col-50 elementor-top-column elementor-element elementor-element-98dd081\" data-id=\"98dd081\" data-element_type=\"column\">\n\t\t\t<div class=\"elementor-widget-wrap elementor-element-populated\">\n\t\t\t\t\t\t<div class=\"elementor-element elementor-element-fd2cc15 elementor-widget elementor-widget-heading\" data-id=\"fd2cc15\" data-element_type=\"widget\" data-widget_type=\"heading.default\">\n\t\t\t\t<div class=\"elementor-widget-container\">\n\t\t\t\t\t<h3 class=\"elementor-heading-title elementor-size-default\">Mobilitat<\/h3>\t\t\t\t<\/div>\n\t\t\t\t<\/div>\n\t\t\t\t<div class=\"elementor-element elementor-element-863b9bc elementor-widget elementor-widget-text-editor\" data-id=\"863b9bc\" data-element_type=\"widget\" data-widget_type=\"text-editor.default\">\n\t\t\t\t<div class=\"elementor-widget-container\">\n\t\t\t\t\t\t\t\t\t<p>Les persones gaudiran de m\u00e9s espais. Realitzarem un pla de mobilitat que fomenti la circulaci\u00f3 dels vianants i l\u2019\u00fas dels vehicles no motoritzats, amb recorreguts segurs a les escoles.<\/p>\t\t\t\t\t\t\t\t<\/div>\n\t\t\t\t<\/div>\n\t\t\t\t\t<\/div>\n\t\t<\/div>\n\t\t\t\t<div class=\"elementor-column elementor-col-50 elementor-top-column elementor-element elementor-element-969d95d\" data-id=\"969d95d\" data-element_type=\"column\">\n\t\t\t<div class=\"elementor-widget-wrap elementor-element-populated\">\n\t\t\t\t\t\t<div class=\"elementor-element elementor-element-6d0bbcf elementor-widget elementor-widget-heading\" data-id=\"6d0bbcf\" data-element_type=\"widget\" data-widget_type=\"heading.default\">\n\t\t\t\t<div class=\"elementor-widget-container\">\n\t\t\t\t\t<h3 class=\"elementor-heading-title elementor-size-default\">Joventut<\/h3>\t\t\t\t<\/div>\n\t\t\t\t<\/div>\n\t\t\t\t<div class=\"elementor-element elementor-element-77c4971 elementor-widget elementor-widget-text-editor\" data-id=\"77c4971\" data-element_type=\"widget\" data-widget_type=\"text-editor.default\">\n\t\t\t\t<div class=\"elementor-widget-container\">\n\t\t\t\t\t\t\t\t\t<p>L\u2019oci i la mobilitat dels joves a les festes ha de\u00a0<span style=\"font-style: inherit; font-weight: inherit; background-color: var(--ast-global-color-4); color: var(--ast-global-color-3);\">ser segura. Posarem transport d\u2019\u00fas col\u00b7lectiu en esdeveniments multitudinaris. Potenciarem llocs de trobada i reuni\u00f3 autogestionats amb garanties de seguretat i cohesi\u00f3 social.<\/span><\/p>\t\t\t\t\t\t\t\t<\/div>\n\t\t\t\t<\/div>\n\t\t\t\t\t<\/div>\n\t\t<\/div>\n\t\t\t\t\t<\/div>\n\t\t<\/section>\n\t\t\t\t<\/div>\n\t\t","protected":false},"excerpt":{"rendered":"<p>Milloram el dia a dia de les persones del municipi de Pollen\u00e7a Salut El nou PAC de Pollen\u00e7a i la Unitat B\u00e0sica de Salut del Moll seran una realitat.Fomentarem el benefici de la salut mental i sexe afectiva. Medi Ambient La Badia requereix recuperar la qualitat. Impulsarem un \u00fas racional de l\u2019aigua i la sembra &hellip;<\/p>\n<p class=\"read-more\"> <a class=\"\" href=\"https:\/\/mesperpollenca.cat\/index.php\/eixos\/\"> <span class=\"screen-reader-text\">Eixos<\/span> Llegeix m\u00e9s &raquo;<\/a><\/p>\n","protected":false},"author":1,"featured_media":0,"parent":0,"menu_order":0,"comment_status":"closed","ping_status":"closed","template":"","meta":{"site-sidebar-layout":"no-sidebar","site-content-layout":"page-builder","ast-global-header-display":"","ast-main-header-display":"","ast-hfb-above-header-display":"","ast-hfb-below-header-display":"","ast-hfb-mobile-header-display":"","site-post-title":"disabled","ast-breadcrumbs-content":"disabled","ast-featured-img":"disabled","footer-sml-layout":"","theme-transparent-header-meta":"enabled","adv-header-id-meta":"","stick-header-meta":"","header-above-stick-meta":"","header-main-stick-meta":"","header-below-stick-meta":"","_themeisle_gutenberg_block_has_review":false,"footnotes":""},"class_list":["post-587","page","type-page","status-publish","hentry"],"_links":{"self":[{"href":"https:\/\/mesperpollenca.cat\/index.php\/wp-json\/wp\/v2\/pages\/587","targetHints":{"allow":["GET"]}}],"collection":[{"href":"https:\/\/mesperpollenca.cat\/index.php\/wp-json\/wp\/v2\/pages"}],"about":[{"href":"https:\/\/mesperpollenca.cat\/index.php\/wp-json\/wp\/v2\/types\/page"}],"author":[{"embeddable":true,"href":"https:\/\/mesperpollenca.cat\/index.php\/wp-json\/wp\/v2\/users\/1"}],"replies":[{"embeddable":true,"href":"https:\/\/mesperpollenca.cat\/index.php\/wp-json\/wp\/v2\/comments?post=587"}],"version-history":[{"count":36,"href":"https:\/\/mesperpollenca.cat\/index.php\/wp-json\/wp\/v2\/pages\/587\/revisions"}],"predecessor-version":[{"id":1801,"href":"https:\/\/mesperpollenca.cat\/index.php\/wp-json\/wp\/v2\/pages\/587\/revisions\/1801"}],"wp:attachment":[{"href":"https:\/\/mesperpollenca.cat\/index.php\/wp-json\/wp\/v2\/media?parent=587"}],"curies":[{"name":"wp","href":"https:\/\/api.w.org\/{rel}","templated":true}]}}